{"id":6515,"date":"2026-04-24T11:10:43","date_gmt":"2026-04-24T15:10:43","guid":{"rendered":"https:\/\/larche.ca\/fr\/?page_id=6515"},"modified":"2026-04-26T08:14:49","modified_gmt":"2026-04-26T12:14:49","slug":"merci","status":"publish","type":"page","link":"https:\/\/larche.ca\/fr\/merci\/","title":{"rendered":"Merci"},"content":{"rendered":"<h2 style=\"color: rgba(40,90,165,0.65); margin-top: 0px;\">Merci!<\/h2>\n<p><span style=\"font-size: 1em;\"><strong>Merci de votre g\u00e9n\u00e9reux don<\/strong> \u00e0 la Fondation L\u2019Arche Canada.Votre soutien permet \u00e0 L\u2019Arche de continuer \u00e0 b\u00e2tir une soci\u00e9t\u00e9 plus juste, fond\u00e9e sur l\u2019inclusion et la solidarit\u00e9. Des questions? <a style=\"color: rgba(40,90,165,0.65); text-decoration: none;\" href=\"mailto:info@larchefoundation.ca\"><strong>info@larchefoundation.ca<\/strong><\/a> or <span style=\"color: rgba(40,90,165,0.65);\"><strong>1-800-571-0212.<\/strong><\/span><\/span><\/p>\n","protected":false},"excerpt":{"rendered":"<p>Merci! Merci de votre g\u00e9n\u00e9reux don \u00e0 la Fondation L\u2019Arche Canada.Votre soutien permet \u00e0 L\u2019Arche de continuer \u00e0 b\u00e2tir une soci\u00e9t\u00e9 plus juste, fond\u00e9e sur l\u2019inclusion et la solidarit\u00e9. Des questions? info@larchefoundation.ca or 1-800-571-0212.<\/p>\n","protected":false},"author":5,"featured_media":0,"parent":0,"menu_order":1,"comment_status":"closed","ping_status":"closed","template":"templates\/tiled-content.php","meta":{"_acf_changed":false,"footnotes":"","_links_to":"","_links_to_target":""},"class_list":["post-6515","page","type-page","status-publish","hentry"],"acf":[],"_links":{"self":[{"href":"https:\/\/larche.ca\/fr\/wp-json\/wp\/v2\/pages\/6515","targetHints":{"allow":["GET"]}}],"collection":[{"href":"https:\/\/larche.ca\/fr\/wp-json\/wp\/v2\/pages"}],"about":[{"href":"https:\/\/larche.ca\/fr\/wp-json\/wp\/v2\/types\/page"}],"author":[{"embeddable":true,"href":"https:\/\/larche.ca\/fr\/wp-json\/wp\/v2\/users\/5"}],"replies":[{"embeddable":true,"href":"https:\/\/larche.ca\/fr\/wp-json\/wp\/v2\/comments?post=6515"}],"version-history":[{"count":6,"href":"https:\/\/larche.ca\/fr\/wp-json\/wp\/v2\/pages\/6515\/revisions"}],"predecessor-version":[{"id":6542,"href":"https:\/\/larche.ca\/fr\/wp-json\/wp\/v2\/pages\/6515\/revisions\/6542"}],"wp:attachment":[{"href":"https:\/\/larche.ca\/fr\/wp-json\/wp\/v2\/media?parent=6515"}],"curies":[{"name":"wp","href":"https:\/\/api.w.org\/{rel}","templated":true}]}}