{"id":6137,"date":"2025-03-31T10:20:46","date_gmt":"2025-03-31T14:20:46","guid":{"rendered":"https:\/\/larche.ca\/fr\/?page_id=6137"},"modified":"2025-05-21T12:20:05","modified_gmt":"2025-05-21T16:20:05","slug":"prestations-financieres-federales-ressources","status":"publish","type":"page","link":"https:\/\/larche.ca\/fr\/prestations-financieres-federales-ressources\/","title":{"rendered":"Acc\u00e8s au cr\u00e9dit d&rsquo;imp\u00f4t pour personnes handicap\u00e9es et \u00e0 d&rsquo;autres prestations &#8211; Ressources"},"content":{"rendered":"","protected":false},"excerpt":{"rendered":"","protected":false},"author":5,"featured_media":0,"parent":0,"menu_order":6,"comment_status":"closed","ping_status":"closed","template":"templates\/donategive.php","meta":{"_acf_changed":false,"footnotes":"","_links_to":"","_links_to_target":""},"class_list":["post-6137","page","type-page","status-publish","hentry"],"acf":[],"_links":{"self":[{"href":"https:\/\/larche.ca\/fr\/wp-json\/wp\/v2\/pages\/6137","targetHints":{"allow":["GET"]}}],"collection":[{"href":"https:\/\/larche.ca\/fr\/wp-json\/wp\/v2\/pages"}],"about":[{"href":"https:\/\/larche.ca\/fr\/wp-json\/wp\/v2\/types\/page"}],"author":[{"embeddable":true,"href":"https:\/\/larche.ca\/fr\/wp-json\/wp\/v2\/users\/5"}],"replies":[{"embeddable":true,"href":"https:\/\/larche.ca\/fr\/wp-json\/wp\/v2\/comments?post=6137"}],"version-history":[{"count":5,"href":"https:\/\/larche.ca\/fr\/wp-json\/wp\/v2\/pages\/6137\/revisions"}],"predecessor-version":[{"id":6216,"href":"https:\/\/larche.ca\/fr\/wp-json\/wp\/v2\/pages\/6137\/revisions\/6216"}],"wp:attachment":[{"href":"https:\/\/larche.ca\/fr\/wp-json\/wp\/v2\/media?parent=6137"}],"curies":[{"name":"wp","href":"https:\/\/api.w.org\/{rel}","templated":true}]}}