{"id":6135,"date":"2025-03-31T10:18:38","date_gmt":"2025-03-31T14:18:38","guid":{"rendered":"https:\/\/larche.ca\/fr\/?page_id=6135"},"modified":"2025-03-31T15:05:55","modified_gmt":"2025-03-31T19:05:55","slug":"prestations-financieres-federales","status":"publish","type":"page","link":"https:\/\/larche.ca\/fr\/prestations-financieres-federales\/","title":{"rendered":"Acc\u00e8s au cr\u00e9dit d&rsquo;imp\u00f4t pour personnes handicap\u00e9es et \u00e0 d&rsquo;autres prestations"},"content":{"rendered":"","protected":false},"excerpt":{"rendered":"","protected":false},"author":5,"featured_media":0,"parent":0,"menu_order":8,"comment_status":"closed","ping_status":"closed","template":"templates\/inaction.php","meta":{"_acf_changed":false,"footnotes":"","_links_to":"","_links_to_target":""},"class_list":["post-6135","page","type-page","status-publish","hentry"],"acf":[],"_links":{"self":[{"href":"https:\/\/larche.ca\/fr\/wp-json\/wp\/v2\/pages\/6135","targetHints":{"allow":["GET"]}}],"collection":[{"href":"https:\/\/larche.ca\/fr\/wp-json\/wp\/v2\/pages"}],"about":[{"href":"https:\/\/larche.ca\/fr\/wp-json\/wp\/v2\/types\/page"}],"author":[{"embeddable":true,"href":"https:\/\/larche.ca\/fr\/wp-json\/wp\/v2\/users\/5"}],"replies":[{"embeddable":true,"href":"https:\/\/larche.ca\/fr\/wp-json\/wp\/v2\/comments?post=6135"}],"version-history":[{"count":5,"href":"https:\/\/larche.ca\/fr\/wp-json\/wp\/v2\/pages\/6135\/revisions"}],"predecessor-version":[{"id":6178,"href":"https:\/\/larche.ca\/fr\/wp-json\/wp\/v2\/pages\/6135\/revisions\/6178"}],"wp:attachment":[{"href":"https:\/\/larche.ca\/fr\/wp-json\/wp\/v2\/media?parent=6135"}],"curies":[{"name":"wp","href":"https:\/\/api.w.org\/{rel}","templated":true}]}}