{"id":5544,"date":"2024-02-23T04:56:52","date_gmt":"2024-02-23T04:56:52","guid":{"rendered":"https:\/\/larche.ca\/fr\/?page_id=5544"},"modified":"2024-06-14T16:11:36","modified_gmt":"2024-06-14T20:11:36","slug":"a-propos-du-laboratoire","status":"publish","type":"page","link":"https:\/\/larche.ca\/fr\/a-propos-du-laboratoire\/","title":{"rendered":"\u00c0 propos du Laboratoire"},"content":{"rendered":"<h2>Apprentissages du Laboratoire<\/h2>\n<p>Dans le cadre du processus du Laboratoire, nous avons examin\u00e9 les occasions de cr\u00e9ation de logements inclusifs, mais aussi les obstacles \u00e0 cette initiative. Nous avons men\u00e9 des recherches par le biais d\u2019entretiens, de groupes de discussion, de recherches par les pairs et de recherches documentaires.<\/p>\n<h2><\/h2>\n<h3>Il existe des obstacles \u00e0 la cr\u00e9ation de logements inclusifs.<\/h3>\n<p>Les obstacles que nous avons d\u00e9couverts peuvent \u00eatre regroup\u00e9s en quatre cat\u00e9gories symbolis\u00e9es par un iceberg :<\/p>\n<ul>\n<li>La pointe \u2013 ce qui se passe, les \u00c9V\u00c9NEMENTS visibles<\/li>\n<li>Deuxi\u00e8me niveau \u2013 les TENDANCES ou motifs sous-jacents<\/li>\n<li>Troisi\u00e8me niveau \u2013 ce qui influence les tendances : les SYST\u00c8MES ou structures<\/li>\n<li>Quatri\u00e8me niveau \u2013 les id\u00e9ologies ou MENTALIT\u00c9S qui influencent les syst\u00e8mes et les tendances<\/li>\n<\/ul>\n<p class=\"has-text-align-left\">Cliquez sur l\u2019image pour agrandir<\/p>\n<p><a href=\"https:\/\/larche.ca\/wp-content\/uploads\/2024\/01\/Iceberg-Image.jpg\"><img loading=\"lazy\" decoding=\"async\" class=\"alignnone wp-image-5422 size-full\" src=\"https:\/\/larche.ca\/wp-content\/uploads\/2024\/01\/Iceberg-Image.jpg\" alt=\"Iceberg Image\" width=\"1136\" height=\"1106\" \/><\/a><\/p>\n<h3>Il existe \u00e9galement de nombreuses opportunit\u00e9s<\/h3>\n<p>Le laboratoire a \u00e9galement trouv\u00e9 un certain nombre de \u00ab leviers \u00bb que nous pouvons actionner pour apporter des changements positifs et faire avancer les initiatives de logement inclusif.<\/p>\n<p>Cliquez sur l\u2019image pour agrandir<\/p>\n<h2 class=\"alignfull has-text-align-center wp-block-heading\"><a href=\"https:\/\/larche.ca\/wp-content\/uploads\/2024\/02\/Inclusive-Housing-Leverage-Points-1.jpg\" target=\"_blank\" rel=\"noopener\"><img loading=\"lazy\" decoding=\"async\" class=\"alignnone wp-image-5886 size-large\" src=\"https:\/\/larche.ca\/wp-content\/uploads\/2024\/02\/Inclusive-Housing-Leverage-Points-1-1024x654.jpg\" alt=\"Inclusive Housing Leverage Points Graphic\" width=\"1024\" height=\"654\" \/><\/a><\/h2>\n<h3 class=\"alignfull has-text-align-center wp-block-heading\">Les d\u00e9sirs et besoins en mati\u00e8re de logement varient d\u2019une personne \u00e0 l\u2019autre<\/h3>\n<p>Cliquez sur l\u2019image pour agrandir<\/p>\n<p><a href=\"https:\/\/larche.ca\/wp-content\/uploads\/2024\/01\/personas-edna.png\"><img loading=\"lazy\" decoding=\"async\" class=\"alignnone wp-image-5442 size-full\" src=\"https:\/\/larche.ca\/wp-content\/uploads\/2024\/01\/personas-edna.png\" alt=\"Meet Edna\" width=\"4390\" height=\"1130\" \/><\/a><\/p>\n<p><a href=\"https:\/\/larche.ca\/wp-content\/uploads\/2024\/01\/personas-cindy.png\"><img loading=\"lazy\" decoding=\"async\" class=\"alignnone wp-image-5443 size-full\" src=\"https:\/\/larche.ca\/wp-content\/uploads\/2024\/01\/personas-cindy.png\" alt=\"Meet Cindy\" width=\"4392\" height=\"1146\" \/><\/a><\/p>\n<p><a href=\"https:\/\/larche.ca\/wp-content\/uploads\/2024\/01\/personas-carol-and-matthew.png\"><img loading=\"lazy\" decoding=\"async\" class=\"alignnone wp-image-5444 size-full\" src=\"https:\/\/larche.ca\/wp-content\/uploads\/2024\/01\/personas-carol-and-matthew.png\" alt=\"Meet Carol and Matthew\" width=\"4390\" height=\"1148\" \/><\/a><\/p>\n","protected":false},"excerpt":{"rendered":"<p>Apprentissages du Laboratoire Dans le cadre du processus du Laboratoire, nous avons examin\u00e9 les occasions de cr\u00e9ation de logements inclusifs, mais aussi les obstacles \u00e0 cette initiative. Nous avons men\u00e9 des recherches par le biais d\u2019entretiens, de groupes de discussion, de recherches par les pairs et de recherches documentaires. Il existe des obstacles \u00e0 la [&hellip;]<\/p>\n","protected":false},"author":4,"featured_media":0,"parent":0,"menu_order":11,"comment_status":"closed","ping_status":"closed","template":"templates\/campaign.php","meta":{"_acf_changed":false,"footnotes":"","_links_to":"","_links_to_target":""},"class_list":["post-5544","page","type-page","status-publish","hentry"],"acf":[],"_links":{"self":[{"href":"https:\/\/larche.ca\/fr\/wp-json\/wp\/v2\/pages\/5544","targetHints":{"allow":["GET"]}}],"collection":[{"href":"https:\/\/larche.ca\/fr\/wp-json\/wp\/v2\/pages"}],"about":[{"href":"https:\/\/larche.ca\/fr\/wp-json\/wp\/v2\/types\/page"}],"author":[{"embeddable":true,"href":"https:\/\/larche.ca\/fr\/wp-json\/wp\/v2\/users\/4"}],"replies":[{"embeddable":true,"href":"https:\/\/larche.ca\/fr\/wp-json\/wp\/v2\/comments?post=5544"}],"version-history":[{"count":7,"href":"https:\/\/larche.ca\/fr\/wp-json\/wp\/v2\/pages\/5544\/revisions"}],"predecessor-version":[{"id":5910,"href":"https:\/\/larche.ca\/fr\/wp-json\/wp\/v2\/pages\/5544\/revisions\/5910"}],"wp:attachment":[{"href":"https:\/\/larche.ca\/fr\/wp-json\/wp\/v2\/media?parent=5544"}],"curies":[{"name":"wp","href":"https:\/\/api.w.org\/{rel}","templated":true}]}}