{"id":5522,"date":"2024-02-23T04:39:40","date_gmt":"2024-02-23T04:39:40","guid":{"rendered":"https:\/\/larche.ca\/fr\/?page_id=5522"},"modified":"2024-06-14T16:29:20","modified_gmt":"2024-06-14T20:29:20","slug":"lab-ressources","status":"publish","type":"page","link":"https:\/\/larche.ca\/fr\/lab-ressources\/","title":{"rendered":"Ressources"},"content":{"rendered":"<h3 class=\"wp-block-heading alignwide has-text-align-center has-background-background-color has-background\">Consultez ces laboratoires de solutions pour le logement inclusif :<\/h3>\n<div class=\"wp-block-columns alignwide is-layout-flex wp-container-core-columns-layout-1 wp-block-columns-is-layout-flex\">\n<div class=\"wp-block-column has-background-background-color has-background is-layout-flow wp-block-column-is-layout-flow\">\n<div class=\"wp-block-image\">\n<figure class=\"aligncenter size-full is-resized\"><a href=\"http:\/\/www.myhomemycommunity.ca\/\" target=\"_blank\" rel=\"noopener\"><img loading=\"lazy\" decoding=\"async\" class=\"wp-image-421\" src=\"https:\/\/at-home-dev.larche.ca\/wp-content\/uploads\/2022\/10\/My-home-my-community-logo-Transparent-background.png\" sizes=\"auto, (max-width: 348px) 100vw, 348px\" srcset=\"https:\/\/at-home.larche.ca\/wp-content\/uploads\/2022\/10\/My-home-my-community-logo-Transparent-background.png 1393w, https:\/\/at-home.larche.ca\/wp-content\/uploads\/2022\/10\/My-home-my-community-logo-Transparent-background-300x98.png 300w, https:\/\/at-home.larche.ca\/wp-content\/uploads\/2022\/10\/My-home-my-community-logo-Transparent-background-1024x333.png 1024w, https:\/\/at-home.larche.ca\/wp-content\/uploads\/2022\/10\/My-home-my-community-logo-Transparent-background-768x250.png 768w, https:\/\/at-home.larche.ca\/wp-content\/uploads\/2022\/10\/My-home-my-community-logo-Transparent-background-1200x390.png 1200w\" alt=\"\" width=\"348\" height=\"113\" \/><\/a><\/figure>\n<p>&nbsp;<\/p>\n<\/div>\n<h5 class=\"wp-block-heading\">Inclusion Canada:<\/h5>\n<h5 class=\"wp-block-heading\">Ma maison, mon quartier<\/h5>\n<p class=\"has-text-align-left\">Ma maison, ma communaut\u00e9 (MMMQ) est une initiative de partenariat national d\u2019<a href=\"https:\/\/www.inclusioncanada.ca\/\" target=\"_blank\" rel=\"noopener\">Inclusion Canada<\/a> (anciennement l\u2019Association canadienne pour l\u2019int\u00e9gration communautaire) et <a href=\"http:\/\/www.peoplefirstofcanada.ca\/\" target=\"_blank\" rel=\"noopener\">Personnes d\u2019abord du Canada<\/a> et leurs organismes membres. MMMQ encourage l\u2019innovation dans le d\u00e9veloppement de logements et les soutiens communautaires partout au Canada, afin d\u2019offrir \u00e0 toutes les personnes ayant une d\u00e9ficience intellectuelle un logement synonyme de choix, de libert\u00e9, de s\u00e9curit\u00e9 et d\u2019inclusion dans leur communaut\u00e9.<\/p>\n<p>&nbsp;<\/p>\n<\/div>\n<div class=\"wp-block-column has-background-background-color has-background is-layout-flow wp-block-column-is-layout-flow\">\n<div class=\"wp-block-image\">\n<figure class=\"aligncenter size-medium is-resized\"><a href=\"https:\/\/www.skillssociety.ca\/projects\/future-of-home-inclusive-housing-solutions-lab\" target=\"_blank\" rel=\"noopener\"><img loading=\"lazy\" decoding=\"async\" class=\"wp-image-279\" src=\"https:\/\/at-home-dev.larche.ca\/wp-content\/uploads\/2022\/10\/logo-skill-society-300x196.png\" sizes=\"auto, (max-width: 225px) 100vw, 225px\" srcset=\"https:\/\/at-home.larche.ca\/wp-content\/uploads\/2022\/10\/logo-skill-society-300x196.png 300w, https:\/\/at-home.larche.ca\/wp-content\/uploads\/2022\/10\/logo-skill-society.png 600w\" alt=\"\" width=\"225\" height=\"147\" \/><\/a><\/figure>\n<p>&nbsp;<\/p>\n<\/div>\n<h5 class=\"wp-block-heading\">Skills Society Alberta:<\/h5>\n<h5 class=\"wp-block-heading\">L\u2019avenir de l\u2019habitation : le laboratoire de solutions pour le logement inclusif<\/h5>\n<p>Ce laboratoire travaille \u00e0 la cr\u00e9ation de mod\u00e8les de logement et de soutien qui soient abordables et accessibles en plus de favoriser l\u2019inclusion sociale des personnes ayant une d\u00e9ficience intellectuelle. Il cherche \u00e0 combler les lacunes actuelles en mati\u00e8re de logement pour les personnes en situation de handicap en utilisant une \u00ab approche laboratoire d\u2019innovation sociale \u00bb.<\/p>\n<\/div>\n<p><a href=\"https:\/\/www.halalhousinglab.ca\/\" target=\"_blank\" rel=\"noopener\"><img loading=\"lazy\" decoding=\"async\" class=\"aligncenter wp-image-5893\" src=\"https:\/\/larche.ca\/wp-content\/uploads\/2024\/02\/Halal-Housing-Lab-Logo-300x138.png\" alt=\"Halal Housing Lab Logo\" width=\"226\" height=\"104\" \/><\/a><\/p>\n<div class=\"wp-block-column has-background-background-color has-background is-layout-flow wp-block-column-is-layout-flow\">\n<h5>Association islamique des services sociaux familiaux (IFSSA), Edmonton :<\/h5>\n<h5>Laboratoire et balado sur le logement halal<\/h5>\n<p>&nbsp;<\/p>\n<p>L&rsquo;Association islamique des services sociaux familiaux (IFSSA), en partenariat avec Intelligent Futures, Another Way, SAS Architecture et Ask for a Better World, collabore \u00e0 la mise en place d&rsquo;un laboratoire de solutions en mati\u00e8re de logement halal, financ\u00e9 par la SCHL. Ce laboratoire a pour but d&rsquo;\u00e9largir la d\u00e9finition du logement abordable, de r\u00e9imaginer ce qui est du domaine du possible tout en d\u00e9veloppant une solution de logement reproductible qui pourra bient\u00f4t r\u00e9pondre aux besoins des Canadiens d&rsquo;un oc\u00e9an \u00e0 l&rsquo;autre.<\/p>\n<\/div>\n<\/div>\n<div class=\"wp-block-group has-background-background-color has-background is-vertical is-layout-flex wp-container-core-group-layout-2 wp-block-group-is-layout-flex\">\n<h3 class=\"wp-block-heading has-text-align-center\">Exemples novateurs du logement inclusif :<\/h3>\n<\/div>\n<div class=\"wp-block-columns alignwide is-layout-flex wp-container-core-columns-layout-2 wp-block-columns-is-layout-flex\">\n<div class=\"wp-block-column is-layout-flow wp-block-column-is-layout-flow\">\n<div class=\"wp-block-image\">\n<figure class=\"aligncenter size-medium is-resized\"><a href=\"https:\/\/uniti4all.com\/semiahmoo-house-society\/services\/inclusive-living\/\" target=\"_blank\" rel=\"noopener\"><img loading=\"lazy\" decoding=\"async\" class=\"wp-image-424\" src=\"https:\/\/at-home-dev.larche.ca\/wp-content\/uploads\/2022\/10\/Semiahmoo-House-Society-Logo-Transparent-Background-300x106.png\" sizes=\"auto, (max-width: 225px) 100vw, 225px\" srcset=\"https:\/\/at-home.larche.ca\/wp-content\/uploads\/2022\/10\/Semiahmoo-House-Society-Logo-Transparent-Background-300x106.png 300w, https:\/\/at-home.larche.ca\/wp-content\/uploads\/2022\/10\/Semiahmoo-House-Society-Logo-Transparent-Background-768x272.png 768w, https:\/\/at-home.larche.ca\/wp-content\/uploads\/2022\/10\/Semiahmoo-House-Society-Logo-Transparent-Background.png 1024w\" alt=\"\" width=\"225\" height=\"80\" \/><\/a><\/figure>\n<p>&nbsp;<\/p>\n<\/div>\n<h5 class=\"wp-block-heading\">Semiahmoo House Society<\/h5>\n<p>La raison d\u2019\u00eatre de Semiahmoo House Society est de fournir des services et un soutien de qualit\u00e9 aux personnes de la communaut\u00e9 en situation de handicap et \u00e0 leurs familles.<\/p>\n<p>\u200b<\/p>\n<\/div>\n<div class=\"wp-block-column is-layout-flow wp-block-column-is-layout-flow\">\n<div class=\"wp-block-image\">\n<figure class=\"aligncenter size-medium is-resized\"><a href=\"https:\/\/www.passadultservices.ca\/housing\" target=\"_blank\" rel=\"noopener\"><img loading=\"lazy\" decoding=\"async\" class=\"wp-image-278\" src=\"https:\/\/at-home-dev.larche.ca\/wp-content\/uploads\/2022\/10\/logo-pass-300x121.png\" sizes=\"auto, (max-width: 225px) 100vw, 225px\" srcset=\"https:\/\/at-home.larche.ca\/wp-content\/uploads\/2022\/10\/logo-pass-300x121.png 300w, https:\/\/at-home.larche.ca\/wp-content\/uploads\/2022\/10\/logo-pass.png 600w\" alt=\"\" width=\"225\" height=\"91\" \/><\/a><\/figure>\n<p>&nbsp;<\/p>\n<\/div>\n<h5>Services pour adultes PASS<\/h5>\n<p>Rencontrez les nouveaux r\u00e9sident\u00b7e\u00b7s d\u2019Aspen, un projet de logement unique qui est le r\u00e9sultat d\u2019un partenariat entre la Soci\u00e9t\u00e9 de d\u00e9veloppement communautaire Catalyst et les logements PASS.<\/p>\n<\/div>\n<p>&nbsp;<\/p>\n<\/div>\n<h2><\/h2>\n<h3><\/h3>\n<h3><\/h3>\n<h3 class=\"wp-block-heading has-text-align-center has-background-background-color has-background\">Les promoteurs jouent un r\u00f4le important dans le d\u00e9veloppement du logement inclusif :<\/h3>\n<div class=\"wp-block-columns alignwide is-layout-flex wp-container-core-columns-layout-3 wp-block-columns-is-layout-flex\">\n<div class=\"wp-block-column is-layout-flow wp-block-column-is-layout-flow\"><\/div>\n<div class=\"wp-block-column is-layout-flow wp-block-column-is-layout-flow\">\n<div class=\"wp-block-image\">\n<figure class=\"aligncenter size-full is-resized\"><a href=\"https:\/\/catalystcommdev.org\/\" target=\"_blank\" rel=\"noopener\"><img loading=\"lazy\" decoding=\"async\" class=\"wp-image-555\" src=\"https:\/\/at-home-dev.larche.ca\/wp-content\/uploads\/2022\/12\/Catalyst-Community-Developments-logo-Transparent-Background.png\" sizes=\"auto, (max-width: 248px) 100vw, 248px\" srcset=\"https:\/\/at-home.larche.ca\/wp-content\/uploads\/2022\/12\/Catalyst-Community-Developments-logo-Transparent-Background.png 496w, https:\/\/at-home.larche.ca\/wp-content\/uploads\/2022\/12\/Catalyst-Community-Developments-logo-Transparent-Background-300x147.png 300w\" alt=\"\" width=\"248\" height=\"122\" \/><\/a><\/figure>\n<p>&nbsp;<\/p>\n<\/div>\n<h5>Soci\u00e9t\u00e9 de d\u00e9veloppement communautaire Catalyst<\/h5>\n<p class=\"has-text-align-left\">Catalyst est un promoteur immobilier \u00e0 but non lucratif bas\u00e9 en Colombie-Britannique, actif dans la construction de propri\u00e9t\u00e9s locatives de travail et de vie qui soient dynamiques, abordables et inspirantes. \u200b<\/p>\n<\/div>\n<\/div>\n","protected":false},"excerpt":{"rendered":"<p>Consultez ces laboratoires de solutions pour le logement inclusif : &nbsp; Inclusion Canada: Ma maison, mon quartier Ma maison, ma communaut\u00e9 (MMMQ) est une initiative de partenariat national d\u2019Inclusion Canada (anciennement l\u2019Association canadienne pour l\u2019int\u00e9gration communautaire) et Personnes d\u2019abord du Canada et leurs organismes membres. MMMQ encourage l\u2019innovation dans le d\u00e9veloppement de logements et les [&hellip;]<\/p>\n","protected":false},"author":4,"featured_media":0,"parent":0,"menu_order":13,"comment_status":"closed","ping_status":"closed","template":"templates\/campaign.php","meta":{"_acf_changed":false,"footnotes":"","_links_to":"","_links_to_target":""},"class_list":["post-5522","page","type-page","status-publish","hentry"],"acf":[],"_links":{"self":[{"href":"https:\/\/larche.ca\/fr\/wp-json\/wp\/v2\/pages\/5522","targetHints":{"allow":["GET"]}}],"collection":[{"href":"https:\/\/larche.ca\/fr\/wp-json\/wp\/v2\/pages"}],"about":[{"href":"https:\/\/larche.ca\/fr\/wp-json\/wp\/v2\/types\/page"}],"author":[{"embeddable":true,"href":"https:\/\/larche.ca\/fr\/wp-json\/wp\/v2\/users\/4"}],"replies":[{"embeddable":true,"href":"https:\/\/larche.ca\/fr\/wp-json\/wp\/v2\/comments?post=5522"}],"version-history":[{"count":10,"href":"https:\/\/larche.ca\/fr\/wp-json\/wp\/v2\/pages\/5522\/revisions"}],"predecessor-version":[{"id":5928,"href":"https:\/\/larche.ca\/fr\/wp-json\/wp\/v2\/pages\/5522\/revisions\/5928"}],"wp:attachment":[{"href":"https:\/\/larche.ca\/fr\/wp-json\/wp\/v2\/media?parent=5522"}],"curies":[{"name":"wp","href":"https:\/\/api.w.org\/{rel}","templated":true}]}}