{"id":5502,"date":"2024-02-23T04:35:33","date_gmt":"2024-02-23T04:35:33","guid":{"rendered":"https:\/\/larche.ca\/fr\/?page_id=5502"},"modified":"2024-06-14T16:21:35","modified_gmt":"2024-06-14T20:21:35","slug":"acces-ameliore-aux-aides-et-informations-sur-le-logement","status":"publish","type":"page","link":"https:\/\/larche.ca\/fr\/acces-ameliore-aux-aides-et-informations-sur-le-logement\/","title":{"rendered":"Acc\u00e8s am\u00e9lior\u00e9 aux aides et informations sur le logement"},"content":{"rendered":"","protected":false},"excerpt":{"rendered":"","protected":false},"author":4,"featured_media":0,"parent":0,"menu_order":18,"comment_status":"closed","ping_status":"closed","template":"templates\/campaign.php","meta":{"_acf_changed":false,"footnotes":"","_links_to":"","_links_to_target":""},"class_list":["post-5502","page","type-page","status-publish","hentry"],"acf":[],"_links":{"self":[{"href":"https:\/\/larche.ca\/fr\/wp-json\/wp\/v2\/pages\/5502","targetHints":{"allow":["GET"]}}],"collection":[{"href":"https:\/\/larche.ca\/fr\/wp-json\/wp\/v2\/pages"}],"about":[{"href":"https:\/\/larche.ca\/fr\/wp-json\/wp\/v2\/types\/page"}],"author":[{"embeddable":true,"href":"https:\/\/larche.ca\/fr\/wp-json\/wp\/v2\/users\/4"}],"replies":[{"embeddable":true,"href":"https:\/\/larche.ca\/fr\/wp-json\/wp\/v2\/comments?post=5502"}],"version-history":[{"count":7,"href":"https:\/\/larche.ca\/fr\/wp-json\/wp\/v2\/pages\/5502\/revisions"}],"predecessor-version":[{"id":5923,"href":"https:\/\/larche.ca\/fr\/wp-json\/wp\/v2\/pages\/5502\/revisions\/5923"}],"wp:attachment":[{"href":"https:\/\/larche.ca\/fr\/wp-json\/wp\/v2\/media?parent=5502"}],"curies":[{"name":"wp","href":"https:\/\/api.w.org\/{rel}","templated":true}]}}