{"id":5490,"date":"2024-02-23T04:31:19","date_gmt":"2024-02-23T04:31:19","guid":{"rendered":"https:\/\/larche.ca\/fr\/?page_id=5490"},"modified":"2024-06-14T16:04:32","modified_gmt":"2024-06-14T20:04:32","slug":"plan-d-action-pour-le-logement-inclusif","status":"publish","type":"page","link":"https:\/\/larche.ca\/fr\/plan-d-action-pour-le-logement-inclusif\/","title":{"rendered":"Plan d&rsquo;action pour le logement inclusif"},"content":{"rendered":"<h3>Il peut \u00eatre relativement simple de mobiliser des groupes autour d\u2019initiatives de cr\u00e9ation de relations de voisinage.<\/h3>\n<p>De nombreuses communaut\u00e9s disposent d\u2019atouts tels que des programmes, des services, des lieux de rassemblement, des espaces verts\/ext\u00e9rieurs, des groupes de service ou communautaires, des citoyens impliqu\u00e9s, etc., lesquels peuvent appuyer le d\u00e9veloppement d\u2019initiatives de relations de voisinage. Dans certains cas, le travail collaboratif peut n\u00e9cessiter des ressources. Le financement d\u2019un r\u00f4le de coordination n\u2019est pas une d\u00e9pense excessive \u2013 les d\u00e9penses habituelles sont un num\u00e9ro de t\u00e9l\u00e9phone, un ordinateur, une connexion Internet et un salaire. Le travail peut \u00eatre effectu\u00e9 \u00e0 domicile ou dans un espace commun offert par un groupe local.\u00a0 Le co\u00fbt de ce r\u00f4le de coordination \u00e9tant relativement faible, il peut \u00eatre reproduit ailleurs.<\/p>\n<p>Il existe \u00e9galement des ressources gratuites ou \u00e0 faible co\u00fbt pour se lancer dans le d\u00e9veloppement communautaire.Celles offertes par l\u2019<a href=\"http:\/\/www.tamarackcommunity.ca\/\" target=\"_blank\" rel=\"noopener\">Institut Tamarack<\/a> en sont un exemple (www.tamarackcommunity. ca). L\u2019\u00e9change d\u2019informations et d\u2019apprentissages avec les pairs est essentiel au d\u00e9veloppement communautaire et vous aidera \u00e0 d\u00e9marrer du bon pied.<\/p>\n<h3>Un mouvement pour le logement inclusif est possible<\/h3>\n<p>Dans n\u2019importe quelle communaut\u00e9, ville ou province, ou m\u00eame \u00e0 l\u2019\u00e9chelle nationale. D\u2019apr\u00e8s les conversations qui ont eu lieu dans notre Laboratoire, le large \u00e9ventail d\u2019intervenants et de personnes ayant une exp\u00e9rience v\u00e9cue qui ont assist\u00e9 au Forum sur le logement inclusif et les informations obtenues d\u2019autres groupes du secteur du logement, nous savons que l\u2019int\u00e9r\u00eat y est \u2014 mais la difficult\u00e9 se trouve dans la coordination des efforts. Il est important d\u2019identifier une personne charg\u00e9e de coordonner les travaux. Ce r\u00f4le pourrait correspondre \u00e0 un poste existant, ou bien n\u00e9cessiter des ressources pour l\u2019embauche d\u2019une nouvelle personne.<\/p>\n<h3>S\u2019appuyer sur les ressources de notre communaut\u00e9 de pratique nationale (CPN)<\/h3>\n<p>Nous valorisons et appuyons les initiatives communautaires, mais croyons \u00e9galement que nous avons beaucoup \u00e0 apprendre des autres. Lorsqu\u2019il existe des personnes, des groupes ou des institutions externes \u00e0 votre groupe de projet qui disposent d\u2019informations ou de ressources dont vos travaux peuvent tirer profit, vous pouvez envisager de cr\u00e9er un groupe de communaut\u00e9 de pratique.\u00a0 La communaut\u00e9 de pratique agit en tant que ressource, et non comme leader ou d\u00e9cideuse dans votre projet. Les communaut\u00e9s de pratique peuvent appuyer le travail local tout en \u00e9largissant la port\u00e9e du projet. Par exemple, les membres de la communaut\u00e9 de pratique du Laboratoire cr\u00e9ent des webinaires li\u00e9s aux domaines d\u2019impact du cadre d&rsquo;action du logement inclusif. Ces webinaires seront enregistr\u00e9s et accessibles au public sur le site Web du logement inclusif.<\/p>\n<h3>Rien sans nous<\/h3>\n<p>Il est essentiel de s\u2019assurer que les personnes ayant une exp\u00e9rience v\u00e9cue soient cocr\u00e9atrices et coleaders de tout projet qui les concerne. Cet aspect de notre Laboratoire peut \u00eatre reproduit et constitue probablement l\u2019\u00e9l\u00e9ment le plus important de tout travail futur sur le logement ou la communaut\u00e9. L\u2019approche doit \u00eatre significative et respectueuse.<\/p>\n<p>Il existe des ressources sur la fa\u00e7on de d\u00e9velopper un projet afin que toutes les voix soient entendues ou pour soutenir un projet dont les leaders sont eux-m\u00eames b\u00e9n\u00e9ficiaires. On peut trouver des exemples de travail inclusif et collaboratif centr\u00e9 sur l\u2019environnement local (quartiers ou communaut\u00e9s) dans l\u2019approche de d\u00e9veloppement communautaire bas\u00e9 sur les actifs (ADCA). L\u2019Institut Tamarack\u00a0au Canada poss\u00e8de une vaste biblioth\u00e8que de ressources sur le d\u00e9veloppement communautaire et notamment l\u2019approche ADCA.<\/p>\n<p>Le <a href=\"http:\/\/www.sfu.ca\/publicsquare.html\" target=\"_blank\" rel=\"noopener\">\u00ab Public Square \u00bb de l\u2019Universit\u00e9 Simon Fraser<\/a> a \u00e9labor\u00e9 un guide en ligne intitul\u00e9 : Accessibility and Inclusion in Community-Engaged Events (Accessibilit\u00e9 et inclusion dans les \u00e9v\u00e9nements communautaires). Ce guide comprend des informations claires ainsi que des ressources suppl\u00e9mentaires li\u00e9es \u00e0 l\u2019accessibilit\u00e9 et \u00e0 l\u2019inclusion.<\/p>\n<p>De plus, certaines pratiques exemplaires li\u00e9es \u00e0 l\u2019inclusion de personnes ayant une exp\u00e9rience v\u00e9cue ont \u00e9t\u00e9 \u00e9labor\u00e9es et \u00e9tudi\u00e9es par la <a href=\"http:\/\/www.alliance-scotland.org.uk\/\" target=\"_blank\" rel=\"noopener\">Health and Social Care Alliance<\/a> en \u00c9cosse, au Royaume-Uni. Leur projet de recherche d\u2019octobre 2022 s\u2019intitule \u00ab Engaging people with lived experience: best practice, challenges, and opportunities (une \u00e9tude de recherche sur l\u2019implication des personnes ayant une exp\u00e9rience v\u00e9cue dans les politiques et la prise de d\u00e9cision en mati\u00e8re de soins de sant\u00e9 et sociaux).<\/p>\n<p>Dans le cadre du Laboratoire de solutions pour le logement inclusif, nous nous sommes pench\u00e9s sur l\u2019inclusivit\u00e9 du logement, sp\u00e9cifiquement en ce qui concerne les personnes ayant une d\u00e9ficience intellectuelle. Bien que bon nombre des lignes directrices \u00e9num\u00e9r\u00e9es ci-dessus soient applicables pour assurer la pleine participation des personnes ayant une d\u00e9ficience intellectuelle, d\u2019autres consid\u00e9rations peuvent \u00e9galement s\u2019appliquer.<\/p>\n<p>Une approche que nous avons utilis\u00e9e pendant le Laboratoire consistait \u00e0 int\u00e9grer du temps suppl\u00e9mentaire au calendrier du projet pour rencontrer les participants ayant une d\u00e9ficience intellectuelle dans les jours pr\u00e9c\u00e9dant les r\u00e9unions, afin d\u2019examiner ensemble la documentation de la r\u00e9union \u2013 en particulier lorsque l\u2019ordre du jour pr\u00e9voyait des discussions de groupe ou des p\u00e9riodes de questions. Cela signifiait que les documents pour la r\u00e9union, y compris l\u2019objectif de la r\u00e9union et les termes importants, devaient \u00eatre pr\u00eats bien avant les r\u00e9unions ou rassemblements.<\/p>\n<p>De plus, la pr\u00e9sence d\u2019animateur\u00b7trice\u00b7s qualifi\u00e9\u00b7e\u00b7s \u00e0 toutes les r\u00e9unions a un effet d\u00e9cisif pour assurer une pleine participation. Une personne facilitatrice qualifi\u00e9e s\u2019assure d\u2019accorder \u00e0 toutes les personnes pr\u00e9sentes suffisamment de temps pour r\u00e9fl\u00e9chir \u00e0 leurs questions, commentaires ou r\u00e9ponses et invite \u00e0 s\u2019exprimer les personnes qui ont peu parl\u00e9 pendant la r\u00e9union.<\/p>\n<p>Les r\u00e9sultats du Laboratoire sont plus riches pour les personnes impliqu\u00e9es. Chaque semaine, la contribution des membres de l\u2019\u00e9quipe d\u2019intendance, qui comprenait des personnes ayant une exp\u00e9rience v\u00e9cue, nous a permis d\u2019apprendre et de nous adapter aux r\u00e9sultats utiles de notre feuille de route pour le logement inclusif.<\/p>\n","protected":false},"excerpt":{"rendered":"<p>Il peut \u00eatre relativement simple de mobiliser des groupes autour d\u2019initiatives de cr\u00e9ation de relations de voisinage. De nombreuses communaut\u00e9s disposent d\u2019atouts tels que des programmes, des services, des lieux de rassemblement, des espaces verts\/ext\u00e9rieurs, des groupes de service ou communautaires, des citoyens impliqu\u00e9s, etc., lesquels peuvent appuyer le d\u00e9veloppement d\u2019initiatives de relations de voisinage. [&hellip;]<\/p>\n","protected":false},"author":4,"featured_media":0,"parent":0,"menu_order":21,"comment_status":"closed","ping_status":"closed","template":"templates\/campaign.php","meta":{"_acf_changed":false,"footnotes":"","_links_to":"","_links_to_target":""},"class_list":["post-5490","page","type-page","status-publish","hentry"],"acf":[],"_links":{"self":[{"href":"https:\/\/larche.ca\/fr\/wp-json\/wp\/v2\/pages\/5490","targetHints":{"allow":["GET"]}}],"collection":[{"href":"https:\/\/larche.ca\/fr\/wp-json\/wp\/v2\/pages"}],"about":[{"href":"https:\/\/larche.ca\/fr\/wp-json\/wp\/v2\/types\/page"}],"author":[{"embeddable":true,"href":"https:\/\/larche.ca\/fr\/wp-json\/wp\/v2\/users\/4"}],"replies":[{"embeddable":true,"href":"https:\/\/larche.ca\/fr\/wp-json\/wp\/v2\/comments?post=5490"}],"version-history":[{"count":11,"href":"https:\/\/larche.ca\/fr\/wp-json\/wp\/v2\/pages\/5490\/revisions"}],"predecessor-version":[{"id":5917,"href":"https:\/\/larche.ca\/fr\/wp-json\/wp\/v2\/pages\/5490\/revisions\/5917"}],"wp:attachment":[{"href":"https:\/\/larche.ca\/fr\/wp-json\/wp\/v2\/media?parent=5490"}],"curies":[{"name":"wp","href":"https:\/\/api.w.org\/{rel}","templated":true}]}}